{"id":28,"date":"2022-09-11T21:43:31","date_gmt":"2022-09-11T21:43:31","guid":{"rendered":"https:\/\/iptvfalco.com\/?page_id=28"},"modified":"2025-06-24T17:14:08","modified_gmt":"2025-06-24T17:14:08","slug":"faqs","status":"publish","type":"page","link":"https:\/\/iptvfalco.com\/de\/faqs\/","title":{"rendered":"FAQs"},"content":{"rendered":"<div data-elementor-type=\"wp-page\" data-elementor-id=\"28\" class=\"elementor elementor-28\" data-elementor-post-type=\"page\">\n\t\t\t\t\t\t<section class=\"elementor-section elementor-top-section elementor-element elementor-element-23d9269 elementor-section-height-min-height elementor-section-boxed elementor-section-height-default elementor-section-items-middle\" data-id=\"23d9269\" data-element_type=\"section\">\n\t\t\t\t\t\t<div class=\"elementor-container elementor-column-gap-default\">\n\t\t\t\t\t<div class=\"elementor-column elementor-col-100 elementor-top-column elementor-element elementor-element-2c4d6c4\" data-id=\"2c4d6c4\" data-element_type=\"column\">\n\t\t\t<div class=\"elementor-widget-wrap elementor-element-populated\">\n\t\t\t\t\t\t<div class=\"elementor-element elementor-element-1abc814 elementor-widget elementor-widget-heading\" data-id=\"1abc814\" data-element_type=\"widget\" data-widget_type=\"heading.default\">\n\t\t\t\t<div class=\"elementor-widget-container\">\n\t\t\t\t\t<h2 class=\"elementor-heading-title elementor-size-default\">FAQs<\/h2>\t\t\t\t<\/div>\n\t\t\t\t<\/div>\n\t\t\t\t\t<\/div>\n\t\t<\/div>\n\t\t\t\t\t<\/div>\n\t\t<\/section>\n\t\t\t\t<section class=\"elementor-section elementor-top-section elementor-element elementor-element-e15cc55 elementor-section-boxed elementor-section-height-default elementor-section-height-default\" data-id=\"e15cc55\" data-element_type=\"section\">\n\t\t\t\t\t\t<div class=\"elementor-container elementor-column-gap-default\">\n\t\t\t\t\t<div class=\"elementor-column elementor-col-100 elementor-top-column elementor-element elementor-element-f5ec3e1\" data-id=\"f5ec3e1\" data-element_type=\"column\">\n\t\t\t<div class=\"elementor-widget-wrap elementor-element-populated\">\n\t\t\t\t\t\t<div class=\"elementor-element elementor-element-fdd839b elementor-widget elementor-widget-text-editor\" data-id=\"fdd839b\" data-element_type=\"widget\" data-widget_type=\"text-editor.default\">\n\t\t\t\t<div class=\"elementor-widget-container\">\n\t\t\t\t\t\t\t\t\t<ul>\n \t<li>\n<h4><strong>Was genau ist IPTV?<\/strong><\/h4>\n<\/li>\n<\/ul>\nIPTV, auch bekannt als Internet Protocol Television, ist eine Technologie, die es Ihnen erm\u00f6glicht, Fernsehsender \u00fcber eine Internetverbindung zu streamen, ohne Antenne oder Satellitensch\u00fcssel. Mit anderen Worten: Sie nutzen Ihre Internetverbindung, um Fernsehsender, Filme und Serien anzusehen.\n\n<ul>\n \t<li>\n<h4><strong>Was macht IPTV anders?<\/strong><\/h4>\n<\/li>\n<\/ul>\nBeim Satellitenfernsehen m\u00fcssen Sie eine Satellitensch\u00fcssel und einen Decoder installieren. IPTV beseitigt diese Einschr\u00e4nkungen. Sie ben\u00f6tigen lediglich eine Breitband-Internetverbindung, um auf die Inhalte zuzugreifen. Dies macht es zu einer kosteng\u00fcnstigeren und einfacheren L\u00f6sung.\n\n<ul>\n \t<li>\n<h4><strong>Welche Voraussetzungen gibt es f\u00fcr die Nutzung von IPTV?<\/strong><\/h4>\n<\/li>\n<\/ul>\nF\u00fcr ein reibungsloses Erlebnis ben\u00f6tigen Sie eine Breitband-Internetverbindung mit mindestens 4 Mbit\/s.\n\n<ul>\n \t<li>\n<h4><strong>Wie \u00fcberpr\u00fcfe ich die Geschwindigkeit und Qualit\u00e4t meiner Verbindung?<\/strong><\/h4>\n<\/li>\n<\/ul>\nStellen Sie sicher, dass Ihre Geschwindigkeit zum Streamen ausreicht. Sie k\u00f6nnen Ihre Geschwindigkeit \u00fcberpr\u00fcfen \u00fcber <a href=\"https:\/\/www.speedtest.net\/\">www.speedtest.net<\/a>.\n\n<ul>\n \t<li>\n<h4><strong>Kann ich IPTV in einer Wohnung nutzen?<\/strong><\/h4>\n<\/li>\n<\/ul>\nJa, sofern Sie \u00fcber eine stabile Internetverbindung verf\u00fcgen. Dies ist eine gute Alternative, insbesondere wenn die Installation einer Satellitensch\u00fcssel nicht m\u00f6glich ist.\n\n<ul>\n \t<li>\n<h4><strong>Kann ich IPTV als Alternative zu einem Satellitendienst kaufen?<\/strong><\/h4>\n<\/li>\n<\/ul>\nAbsolut. Alles was Sie brauchen, ist eine Internetverbindung; eine Satellitenanlage ist nicht erforderlich.\n\n<ul>\n \t<li>\n<h4><strong>Warum kann ich nicht auf mein Konto zugreifen?<\/strong><\/h4>\n<\/li>\n<\/ul>\nNach Ihrem Kauf erhalten Sie Ihren M3U- oder Portal-Link innerhalb von 24 Stunden per E-Mail. Folgen Sie den Anweisungen und stellen Sie sicher, dass Ihr Ger\u00e4t mit dem Internet verbunden und IPTV-kompatibel ist.\n\n<ul>\n \t<li>\n<h4><strong>Kann ich IPTV au\u00dferhalb der USA, Gro\u00dfbritanniens und Kanadas nutzen?<\/strong><\/h4>\n<\/li>\n<\/ul>\nJa, das IPTV-Abonnement funktioniert weltweit.\n\n<ul>\n \t<li>\n<h4><strong>Kann ich mein Abonnement auf mehreren Ger\u00e4ten nutzen?<\/strong><\/h4>\n<\/li>\n<\/ul>\nSie k\u00f6nnen es auf mehreren Ger\u00e4ten installieren, aber Sie k\u00f6nnen Kan\u00e4le immer nur auf einem Ger\u00e4t gleichzeitig ansehen.\n\n<div id=\"chol\">\n<h4><strong>Welche Zahlungsmethoden gibt es?<\/strong><\/h4>\nSie k\u00f6nnen \u00fcber ein sicheres Gateway mit Kredit-\/Debitkarte oder Bitcoin bezahlen, ohne versteckte Geb\u00fchren.\n\n<ul>\n \t<li>\n<h4><strong>Wann wird mein Abonnement aktiviert?<\/strong><\/h4>\n<\/li>\n<\/ul>\nDie Aktivierung ist nach Erhalt Ihrer Zugangsdaten abgeschlossen. Dies kann einige Zeit in Anspruch nehmen. Sollten Sie Ihre Zugangsdaten nicht sofort erhalten, bitten wir Sie um etwas Geduld. Die E-Mail wird nachgereicht.\n\n<ul>\n \t<li>\n<h4><strong>Wie \u00fcberpr\u00fcfe ich mein IPTV-Ger\u00e4t?<\/strong><\/h4>\n<\/li>\n \t<li>Stellen Sie sicher, dass die Anmeldeinformationen korrekt sind.<\/li>\n \t<li>\u00dcberpr\u00fcfen Sie, ob die Internetverbindung funktioniert.<\/li>\n \t<li>Beschr\u00e4nken Sie die Nutzung anderer Ger\u00e4te, die Bandbreite verbrauchen.<\/li>\n \t<li>Verf\u00fcgen Sie \u00fcber eine Download-Geschwindigkeit von mindestens 4 Mbit\/s und eine Upload-Geschwindigkeit von 1 Mbit\/s.<\/li>\n \t<li>Starten Sie das Ger\u00e4t neu, warten Sie 30 Sekunden und schalten Sie es dann wieder ein.<\/li>\n \t<li>Verbinden Sie es \u00fcber ein Ethernet-Kabel statt \u00fcber WLAN.<\/li>\n \t<li>Testen Sie die Anmeldeinformationen bei Problemen auf einem anderen Ger\u00e4t.<\/li>\n \t<li>Besuchen <a href=\"https:\/\/www.whatismyip.com\/\">whatismyip.com<\/a>, kopieren Sie Ihre IP und senden Sie sie uns zum Zur\u00fccksetzen.<\/li>\n \t<li>Suchen Sie nach Software-Updates f\u00fcr Ger\u00e4t und App.<\/li>\n \t<li>Testen Sie die Internetgeschwindigkeit auf Ihrem Computer.<\/li>\n \t<li>Schlie\u00dfen Sie bandbreitenintensive Anwendungen.<\/li>\n \t<li>Wenden Sie sich gegebenenfalls an Ihren Internetdienstanbieter.<\/li>\n \t<li>Versuchen Sie, die App zu deinstallieren und neu zu installieren.<\/li>\n<\/ul>\n\n<ul>\n \t<li>\n<h4><strong>Meine Kan\u00e4le funktionieren nicht. Was soll ich tun?<\/strong><\/h4>\n<\/li>\n<\/ul>\nWir tun das Notwendige, um die Kontinuit\u00e4t der Dienste sicherzustellen.  \n<h4><strong>Wenn Ihre Kan\u00e4le nicht funktionieren, versuchen Sie Folgendes:<\/strong><\/h4>\n<ul>\n \t<li>Bitte warten Sie einige Minuten. Wir k\u00f6nnen die Feeds neu starten oder \u00e4ndern.<\/li>\n \t<li>Pr\u00fcfen Sie, ob nur ein Kanal oder alle Kan\u00e4le betroffen sind.<\/li>\n \t<li>Starten Sie Ihr Ger\u00e4t neu (warten Sie 30 Sekunden, bevor Sie es wieder einschalten).<\/li>\n \t<li>Verwenden Sie eine Ethernet-Verbindung.<\/li>\n<\/ul>\n\n<ul>\n \t<li>\n<h4><strong>Was tun, wenn ein Kanal nicht funktioniert?<\/strong><\/h4>\n<\/li>\n<\/ul>\nWechsle vor\u00fcbergehend den Kanal. Manchmal liegt ein Problem beim Anbieter vor. Versuche es sp\u00e4ter erneut.\n\n<ul>\n \t<li>\n<h4><strong>Ich habe Pufferung. Was ist die Ursache?<\/strong><\/h4>\n<\/li>\n<\/ul>\nDies kann an einer langsamen Internetgeschwindigkeit oder einer hohen Internetnutzung in Ihrem Zuhause liegen. Trennen Sie die Verbindung anderer Benutzer und stellen Sie die Verbindung stattdessen \u00fcber ein Ethernet-Kabel her.\n\n<ul>\n \t<li>\n<h4><strong>Alle meine Kan\u00e4le sind schwarz. Was soll ich tun?<\/strong><\/h4>\n<\/li>\n<\/ul>\nWenn Sie eine AVOV- oder MAG-Box verwenden, f\u00fchren Sie einen vollst\u00e4ndigen Neustart durch (Stecker ziehen und wieder einstecken). Leeren Sie bei Kodi den Cache oder installieren Sie es neu.\n\n<ul>\n \t<li>\n<h4><strong>Ich habe Ton, aber kein Bild. Was soll ich tun?<\/strong><\/h4>\n<\/li>\n<\/ul>\nDies kann am Decoder liegen. Gehen Sie zu den Ger\u00e4te- oder App-Einstellungen und w\u00e4hlen Sie als Decodertyp \u201eNativ\u201c. Starten Sie neu.\n\n<ul>\n \t<li>\n<h4><strong>Ein Sender hat einen abgehackten Ton oder einen schwarzen Bildschirm?<\/strong><\/h4>\n<\/li>\n<\/ul>\nM\u00f6glicherweise liegt ein vor\u00fcbergehendes Problem mit dem Kanal oder Ihrer Geschwindigkeit vor. \u00dcberpr\u00fcfen Sie Ihre Verbindung.\n\n<ul>\n \t<li>\n<h4><strong>Der M3U-Link funktioniert nicht. Was soll ich tun?<\/strong><\/h4>\n<\/li>\n<\/ul>\nTesten Sie den Link in VLC auf Ihrem PC. Wenn er funktioniert, liegt das Problem bei Ihnen (falsches Kopieren und Einf\u00fcgen, Leerzeichen im Link). Kontaktieren Sie uns gegebenenfalls.\n\n<ul>\n \t<li>\n<h4><strong>Ich kann nichts sehen. Bin ich gesperrt?<\/strong><\/h4>\n<\/li>\n<\/ul>\n\u00dcberpr\u00fcfen Sie, ob Ihr Konto auf einem anderen Ger\u00e4t verwendet wird (gleichzeitige Anmeldung verboten). Besuchen Sie <a href=\"https:\/\/www.whatismyip.com\/\">whatismyip.com<\/a>, mach einen Screenshot deiner IP und sende ihn. \u26a0\ufe0f Im Missbrauchsfall reaktivieren wir einen Account maximal 2 Mal.\n\n<ul>\n \t<li>\n<h4><strong>Mein Konto funktioniert nicht auf dem STB- oder MAG BOX-Emulator. Warum?<\/strong><\/h4>\n<\/li>\n<\/ul>\n\u2013 Pr\u00fcfen Sie die MAC-Adresse. \u2013 Sorgen Sie f\u00fcr ausreichende Internetgeschwindigkeit. \u2013 Verbinden Sie das Ger\u00e4t per Kabel mit dem Router. \u2013 Pr\u00fcfen Sie, ob Ihr Ger\u00e4t leistungsstark genug ist. \u2013 Konfigurieren Sie den STB-Emulator richtig. \u2013 Leeren Sie gegebenenfalls den Cache. \u2013 Starten Sie die MAG BOX neu.\n<\/div>\n\t\t\t\t\t\t\t\t<\/div>\n\t\t\t\t<\/div>\n\t\t\t\t\t<\/div>\n\t\t<\/div>\n\t\t\t\t\t<\/div>\n\t\t<\/section>\n\t\t\t\t<\/div>","protected":false},"excerpt":{"rendered":"<p>FAQs Qu\u2019est-ce que l\u2019IPTV exactement ? L\u2019IPTV, aussi connue sous le nom de T\u00e9l\u00e9vision par Protocole Internet, est une technologie qui permet de diffuser les cha\u00eenes de t\u00e9l\u00e9vision via une connexion Internet, sans antenne ni parabole. En d\u2019autres termes, vous utilisez votre connexion Internet pour regarder des cha\u00eenes TV, films et s\u00e9ries. Qu\u2019est-ce qui diff\u00e9rencie [&hellip;]<\/p>","protected":false},"author":1,"featured_media":0,"parent":0,"menu_order":0,"comment_status":"closed","ping_status":"closed","template":"","meta":{"footnotes":""},"class_list":["post-28","page","type-page","status-publish","hentry"],"_links":{"self":[{"href":"https:\/\/iptvfalco.com\/de\/wp-json\/wp\/v2\/pages\/28","targetHints":{"allow":["GET"]}}],"collection":[{"href":"https:\/\/iptvfalco.com\/de\/wp-json\/wp\/v2\/pages"}],"about":[{"href":"https:\/\/iptvfalco.com\/de\/wp-json\/wp\/v2\/types\/page"}],"author":[{"embeddable":true,"href":"https:\/\/iptvfalco.com\/de\/wp-json\/wp\/v2\/users\/1"}],"replies":[{"embeddable":true,"href":"https:\/\/iptvfalco.com\/de\/wp-json\/wp\/v2\/comments?post=28"}],"version-history":[{"count":13,"href":"https:\/\/iptvfalco.com\/de\/wp-json\/wp\/v2\/pages\/28\/revisions"}],"predecessor-version":[{"id":481,"href":"https:\/\/iptvfalco.com\/de\/wp-json\/wp\/v2\/pages\/28\/revisions\/481"}],"wp:attachment":[{"href":"https:\/\/iptvfalco.com\/de\/wp-json\/wp\/v2\/media?parent=28"}],"curies":[{"name":"wp","href":"https:\/\/api.w.org\/{rel}","templated":true}]}}